{"id":20,"date":"2024-07-10T12:27:10","date_gmt":"2024-07-10T12:27:10","guid":{"rendered":"http:\/\/meditouch.fr\/?page_id=20"},"modified":"2024-09-23T23:17:19","modified_gmt":"2024-09-23T23:17:19","slug":"contact","status":"publish","type":"page","link":"https:\/\/meditouch.fr\/?page_id=20","title":{"rendered":"Contact"},"content":{"rendered":"<p>[et_pb_section fb_built=\u00a0\u00bb1&Prime; admin_label=\u00a0\u00bb14 Advanced Blurb\u00a0\u00bb _builder_version=\u00a0\u00bb4.27.0&Prime; _module_preset=\u00a0\u00bbdefault\u00a0\u00bb hover_enabled=\u00a0\u00bb0&Prime; collapsed=\u00a0\u00bbon\u00a0\u00bb global_colors_info=\u00a0\u00bb{}\u00a0\u00bb title_text=\u00a0\u00bb4850037&Prime; background_image=\u00a0\u00bbhttps:\/\/meditouch.fr\/wp-content\/uploads\/2024\/07\/4850037-scaled.jpg\u00a0\u00bb sticky_enabled=\u00a0\u00bb0&Prime;][et_pb_row _builder_version=\u00a0\u00bb4.18.0&Prime; _module_preset=\u00a0\u00bb5138c454-be54-4233-bd3b-f8e6a8747976&Prime; custom_padding=\u00a0\u00bb||0px|||\u00a0\u00bb global_colors_info=\u00a0\u00bb{}\u00a0\u00bb][et_pb_column type=\u00a0\u00bb4_4&Prime; _builder_version=\u00a0\u00bb4.16&Prime; _module_preset=\u00a0\u00bb73121f80-a3ef-4484-8763-c3f18e3c56d2&Prime; global_colors_info=\u00a0\u00bb{}\u00a0\u00bb][et_pb_heading title=\u00a0\u00bbAcc\u00e8s &#038; Horaires du cabinet\u00a0\u00bb _builder_version=\u00a0\u00bb4.24.3&Prime; _module_preset=\u00a0\u00bbddeb8c09-9078-4424-bc15-2efb6572e28e\u00a0\u00bb global_colors_info=\u00a0\u00bb{}\u00a0\u00bb][\/et_pb_heading][\/et_pb_column][\/et_pb_row][et_pb_row column_structure=\u00a0\u00bb1_3,1_3,1_3&Prime; _builder_version=\u00a0\u00bb4.27.0&Prime; _module_preset=\u00a0\u00bbdefault\u00a0\u00bb custom_padding=\u00a0\u00bb80px||80px||true|false\u00a0\u00bb locked=\u00a0\u00bboff\u00a0\u00bb global_colors_info=\u00a0\u00bb{}\u00a0\u00bb][et_pb_column type=\u00a0\u00bb1_3&Prime; _builder_version=\u00a0\u00bb4.16&Prime; _module_preset=\u00a0\u00bbdefault\u00a0\u00bb global_colors_info=\u00a0\u00bb{}\u00a0\u00bb][difl_advanced_blurb sub_title=\u00a0\u00bbCabinet dentaire Masaru\u00a0\u00bb button_background_bgcolor=\u00a0\u00bb#a2e0d8&Prime; button_alignment=\u00a0\u00bbcenter\u00a0\u00bb blurb_icon_enable=\u00a0\u00bbon\u00a0\u00bb blurb_icon=\u00a0\u00bb&#xe074;||divi||400&Prime; blurb_icon_color=\u00a0\u00bb#a2e0d8&Prime; icon_size=\u00a0\u00bb40px\u00a0\u00bb blurb_icon_background_color=\u00a0\u00bb#FFFFFF\u00a0\u00bb image_icon_alignment=\u00a0\u00bbcenter\u00a0\u00bb wrapper_padding=\u00a0\u00bb|20px|30px|20px|false|false\u00a0\u00bb blurb_img_margin=\u00a0\u00bb-59px||16px||false|false\u00a0\u00bb blurb_icon_spacing=\u00a0\u00bb15px|15px|15px|15px|true|true\u00a0\u00bb button_wrapper_margin=\u00a0\u00bb11px||||false|false\u00a0\u00bb button_padding=\u00a0\u00bb9px|22px|8px|22px|false|true\u00a0\u00bb _builder_version=\u00a0\u00bb4.27.0&Prime; _module_preset=\u00a0\u00bbdefault\u00a0\u00bb title_level=\u00a0\u00bbh6&Prime; title_font=\u00a0\u00bbNunito||||||||\u00a0\u00bb title_text_align=\u00a0\u00bbcenter\u00a0\u00bb title_text_color=\u00a0\u00bb#8f8f8f\u00a0\u00bb sub_title_level=\u00a0\u00bbh3&Prime; sub_title_font=\u00a0\u00bb&#8211;et_global_heading_font|800|||||||\u00a0\u00bb sub_title_text_align=\u00a0\u00bbcenter\u00a0\u00bb sub_title_font_size=\u00a0\u00bb27px\u00a0\u00bb content_body_font=\u00a0\u00bb&#8211;et_global_body_font|300|||||||\u00a0\u00bb content_body_text_align=\u00a0\u00bbcenter\u00a0\u00bb content_body_font_size=\u00a0\u00bb15px\u00a0\u00bb button_text_font=\u00a0\u00bbNunito||||||||\u00a0\u00bb button_text_text_align=\u00a0\u00bbcenter\u00a0\u00bb button_text_text_color=\u00a0\u00bb#FFFFFF\u00a0\u00bb button_text_font_size=\u00a0\u00bb16px\u00a0\u00bb background_color=\u00a0\u00bb#f4f2f3&Prime; custom_margin_tablet=\u00a0\u00bb||55px||false|false\u00a0\u00bb custom_margin_phone=\u00a0\u00bb\u00a0\u00bb custom_margin_last_edited=\u00a0\u00bbon|tablet\u00a0\u00bb hover_enabled=\u00a0\u00bb0&Prime; border_radii_button_border=\u00a0\u00bbon|140px|140px|140px|140px\u00a0\u00bb border_radii_icon_border=\u00a0\u00bbon|356px|356px|356px|356px\u00a0\u00bb box_shadow_style=\u00a0\u00bbpreset1&Prime; box_shadow_color=\u00a0\u00bb#a2e0d8&Prime; box_shadow_style_button_shadow=\u00a0\u00bbpreset3&Prime; box_shadow_style_icon_shadow=\u00a0\u00bbpreset3&Prime; box_shadow_color_icon_shadow=\u00a0\u00bbrgba(0,0,0,0.21)\u00a0\u00bb global_colors_info=\u00a0\u00bb{}\u00a0\u00bb sticky_enabled=\u00a0\u00bb0&Prime;]1 Bis pl Commerce 75015 PARIS<br \/>\nTel: 01 45 75 26 50<br \/>\nLes 2 digicodes : 5678<br \/>\nCode interphone : 2 et la cloche[\/difl_advanced_blurb][\/et_pb_column][et_pb_column type=\u00a0\u00bb1_3&Prime; _builder_version=\u00a0\u00bb4.16&Prime; _module_preset=\u00a0\u00bbdefault\u00a0\u00bb global_colors_info=\u00a0\u00bb{}\u00a0\u00bb][difl_advanced_blurb sub_title=\u00a0\u00bbTransport en commun\u00a0\u00bb button_background_bgcolor=\u00a0\u00bb#a2e0d8&Prime; button_alignment=\u00a0\u00bbcenter\u00a0\u00bb blurb_icon_enable=\u00a0\u00bbon\u00a0\u00bb blurb_icon=\u00a0\u00bb&#xf55e;||fa||900&Prime; blurb_icon_color=\u00a0\u00bb#a2e0d8&Prime; icon_size=\u00a0\u00bb40px\u00a0\u00bb blurb_icon_background_color=\u00a0\u00bb#FFFFFF\u00a0\u00bb image_icon_alignment=\u00a0\u00bbcenter\u00a0\u00bb wrapper_padding=\u00a0\u00bb|20px|30px|20px|false|false\u00a0\u00bb blurb_img_margin=\u00a0\u00bb-59px||16px||false|false\u00a0\u00bb blurb_icon_spacing=\u00a0\u00bb15px|15px|15px|15px|true|true\u00a0\u00bb button_wrapper_margin=\u00a0\u00bb11px||||false|false\u00a0\u00bb button_padding=\u00a0\u00bb9px|22px|8px|22px|false|true\u00a0\u00bb _builder_version=\u00a0\u00bb4.27.0&Prime; _module_preset=\u00a0\u00bbdefault\u00a0\u00bb title_level=\u00a0\u00bbh6&Prime; title_font=\u00a0\u00bbNunito||||||||\u00a0\u00bb title_text_align=\u00a0\u00bbcenter\u00a0\u00bb title_text_color=\u00a0\u00bb#8f8f8f\u00a0\u00bb sub_title_level=\u00a0\u00bbh3&Prime; sub_title_font=\u00a0\u00bb&#8211;et_global_heading_font|800|||||||\u00a0\u00bb sub_title_text_align=\u00a0\u00bbcenter\u00a0\u00bb sub_title_font_size=\u00a0\u00bb27px\u00a0\u00bb content_body_font=\u00a0\u00bb&#8211;et_global_body_font|300|||||||\u00a0\u00bb content_body_text_align=\u00a0\u00bbcenter\u00a0\u00bb content_body_font_size=\u00a0\u00bb15px\u00a0\u00bb button_text_font=\u00a0\u00bbNunito||||||||\u00a0\u00bb button_text_text_align=\u00a0\u00bbcenter\u00a0\u00bb button_text_text_color=\u00a0\u00bb#FFFFFF\u00a0\u00bb button_text_font_size=\u00a0\u00bb16px\u00a0\u00bb background_color=\u00a0\u00bb#f4f2f3&Prime; border_radii_button_border=\u00a0\u00bbon|140px|140px|140px|140px\u00a0\u00bb border_radii_icon_border=\u00a0\u00bbon|356px|356px|356px|356px\u00a0\u00bb box_shadow_style=\u00a0\u00bbpreset1&Prime; box_shadow_color=\u00a0\u00bb#a2e0d8&Prime; box_shadow_style_button_shadow=\u00a0\u00bbpreset3&Prime; box_shadow_style_icon_shadow=\u00a0\u00bbpreset3&Prime; box_shadow_color_icon_shadow=\u00a0\u00bbrgba(0,0,0,0.21)\u00a0\u00bb locked=\u00a0\u00bboff\u00a0\u00bb global_colors_info=\u00a0\u00bb{}\u00a0\u00bb]<\/p>\n<p>RER B et C Station Massy Palaiseau<br \/>Places de parking \u00e0 proximit\u00e9<\/p>\n<p>[\/difl_advanced_blurb][\/et_pb_column][et_pb_column type=\u00a0\u00bb1_3&Prime; _builder_version=\u00a0\u00bb4.16&Prime; _module_preset=\u00a0\u00bbdefault\u00a0\u00bb global_colors_info=\u00a0\u00bb{}\u00a0\u00bb][difl_advanced_blurb sub_title=\u00a0\u00bbEn voiture\u00a0\u00bb button_background_bgcolor=\u00a0\u00bb#a2e0d8&Prime; button_alignment=\u00a0\u00bbcenter\u00a0\u00bb blurb_icon_enable=\u00a0\u00bbon\u00a0\u00bb blurb_icon=\u00a0\u00bb&#xf1b9;||fa||900&Prime; blurb_icon_color=\u00a0\u00bb#a2e0d8&Prime; icon_size=\u00a0\u00bb40px\u00a0\u00bb blurb_icon_background_color=\u00a0\u00bb#FFFFFF\u00a0\u00bb image_icon_alignment=\u00a0\u00bbcenter\u00a0\u00bb wrapper_padding=\u00a0\u00bb|20px|30px|20px|false|false\u00a0\u00bb blurb_img_margin=\u00a0\u00bb-59px||16px||false|false\u00a0\u00bb blurb_icon_spacing=\u00a0\u00bb15px|15px|15px|15px|true|true\u00a0\u00bb button_wrapper_margin=\u00a0\u00bb11px||||false|false\u00a0\u00bb button_padding=\u00a0\u00bb9px|22px|8px|22px|false|true\u00a0\u00bb _builder_version=\u00a0\u00bb4.27.0&Prime; _module_preset=\u00a0\u00bbdefault\u00a0\u00bb title_level=\u00a0\u00bbh6&Prime; title_font=\u00a0\u00bbNunito||||||||\u00a0\u00bb title_text_align=\u00a0\u00bbcenter\u00a0\u00bb title_text_color=\u00a0\u00bb#8f8f8f\u00a0\u00bb sub_title_level=\u00a0\u00bbh3&Prime; sub_title_font=\u00a0\u00bb&#8211;et_global_heading_font|800|||||||\u00a0\u00bb sub_title_text_align=\u00a0\u00bbcenter\u00a0\u00bb sub_title_font_size=\u00a0\u00bb27px\u00a0\u00bb content_body_font=\u00a0\u00bb&#8211;et_global_body_font|300|||||||\u00a0\u00bb content_body_text_align=\u00a0\u00bbcenter\u00a0\u00bb content_body_font_size=\u00a0\u00bb15px\u00a0\u00bb button_text_font=\u00a0\u00bbNunito||||||||\u00a0\u00bb button_text_text_align=\u00a0\u00bbcenter\u00a0\u00bb button_text_text_color=\u00a0\u00bb#FFFFFF\u00a0\u00bb button_text_font_size=\u00a0\u00bb16px\u00a0\u00bb background_color=\u00a0\u00bb#f4f2f3&Prime; border_radii_button_border=\u00a0\u00bbon|140px|140px|140px|140px\u00a0\u00bb border_radii_icon_border=\u00a0\u00bbon|356px|356px|356px|356px\u00a0\u00bb box_shadow_style=\u00a0\u00bbpreset1&Prime; box_shadow_color=\u00a0\u00bb#a2e0d8&Prime; box_shadow_style_button_shadow=\u00a0\u00bbpreset3&Prime; box_shadow_style_icon_shadow=\u00a0\u00bbpreset3&Prime; box_shadow_color_icon_shadow=\u00a0\u00bbrgba(0,0,0,0.21)\u00a0\u00bb locked=\u00a0\u00bboff\u00a0\u00bb global_colors_info=\u00a0\u00bb{}\u00a0\u00bb]<\/p>\n<p>Places de parking \u00e0 proximit\u00e9<br \/>Parking souterrain sous la place du Grand Ouest<br \/>Acc\u00e8s handicap\u00e9<\/p>\n<p>[\/difl_advanced_blurb][\/et_pb_column][\/et_pb_row][et_pb_row column_structure=\u00a0\u00bb1_2,1_2&Prime; _builder_version=\u00a0\u00bb4.27.0&Prime; _module_preset=\u00a0\u00bbdefault\u00a0\u00bb global_colors_info=\u00a0\u00bb{}\u00a0\u00bb][et_pb_column type=\u00a0\u00bb1_2&Prime; _builder_version=\u00a0\u00bb4.27.0&Prime; _module_preset=\u00a0\u00bbdefault\u00a0\u00bb global_colors_info=\u00a0\u00bb{}\u00a0\u00bb][et_pb_code _builder_version=\u00a0\u00bb4.27.0&Prime; _module_preset=\u00a0\u00bbdefault\u00a0\u00bb global_colors_info=\u00a0\u00bb{}\u00a0\u00bb]<iframe src=\"https:\/\/www.google.com\/maps\/embed?pb=!1m18!1m12!1m3!1d2632.156993843781!2d2.2613284762973924!3d48.72159177131386!2m3!1f0!2f0!3f0!3m2!1i1024!2i768!4f13.1!3m3!1m2!1s0x47e6768377037927%3A0xc685141cbb71b02!2sDocteur%20Marta%20Sabao%20Rubio!5e0!3m2!1sfr!2sfr!4v1727131762260!5m2!1sfr!2sfr\" width=\"1080\" height=\"600\" style=\"border:0;\" allowfullscreen=\"\" loading=\"lazy\" referrerpolicy=\"no-referrer-when-downgrade\"><\/iframe>[\/et_pb_code][\/et_pb_column][et_pb_column type=\u00a0\u00bb1_2&Prime; _builder_version=\u00a0\u00bb4.27.0&Prime; _module_preset=\u00a0\u00bbdefault\u00a0\u00bb global_colors_info=\u00a0\u00bb{}\u00a0\u00bb][difl_businesshours title_on_off=\u00a0\u00bbon\u00a0\u00bb heading_title_text=\u00a0\u00bbHoraires du cabinet\u00a0\u00bb df_title_bg_bgcolor=\u00a0\u00bbrgba(183,183,183,0.58)\u00a0\u00bb df_items_bg_bgcolor=\u00a0\u00bb#a2e0d8&Prime; title_padding=\u00a0\u00bb30px||30px||true|false\u00a0\u00bb day_padding=\u00a0\u00bb||||false|true\u00a0\u00bb time_padding=\u00a0\u00bb|15px|||false|false\u00a0\u00bb main_wrapper_padding=\u00a0\u00bb11px|11px|11px|11px|true|true\u00a0\u00bb item_wrapper_margin=\u00a0\u00bb|0px||0px|false|false\u00a0\u00bb item_wrapper_padding=\u00a0\u00bb22px|0px|22px|0px|true|true\u00a0\u00bb _builder_version=\u00a0\u00bb4.27.0&Prime; _module_preset=\u00a0\u00bbdefault\u00a0\u00bb day_name_font=\u00a0\u00bb&#8211;et_global_body_font||||||||\u00a0\u00bb day_name_text_align=\u00a0\u00bbcenter\u00a0\u00bb day_name_text_color=\u00a0\u00bb#ffffff\u00a0\u00bb time_div_font=\u00a0\u00bb&#8211;et_global_body_font||||||||\u00a0\u00bb time_div_text_align=\u00a0\u00bbcenter\u00a0\u00bb time_div_text_color=\u00a0\u00bb#ffffff\u00a0\u00bb title_text_font=\u00a0\u00bb&#8211;et_global_heading_font|700||on|||||\u00a0\u00bb title_text_text_align=\u00a0\u00bbcenter\u00a0\u00bb title_text_text_color=\u00a0\u00bb#000000&Prime; background_color=\u00a0\u00bb#ffffff\u00a0\u00bb hover_enabled=\u00a0\u00bb0&Prime; day_name_text_align_tablet=\u00a0\u00bb\u00a0\u00bb day_name_text_align_phone=\u00a0\u00bbleft\u00a0\u00bb day_name_text_align_last_edited=\u00a0\u00bbon|phone\u00a0\u00bb time_div_text_align_tablet=\u00a0\u00bb\u00a0\u00bb time_div_text_align_phone=\u00a0\u00bbright\u00a0\u00bb time_div_text_align_last_edited=\u00a0\u00bbon|phone\u00a0\u00bb border_radii=\u00a0\u00bbon|5px|5px|5px|5px\u00a0\u00bb border_width_bottom_item_border=\u00a0\u00bb1px\u00a0\u00bb border_color_bottom_item_border=\u00a0\u00bbrgba(237,237,237,0.08)\u00a0\u00bb border_radii_title_border=\u00a0\u00bboff|5px|5px||\u00a0\u00bb box_shadow_style=\u00a0\u00bbpreset1&Prime; locked=\u00a0\u00bboff\u00a0\u00bb global_colors_info=\u00a0\u00bb{}\u00a0\u00bb item_wrapper_margin__hover_enabled=\u00a0\u00bbon|hover\u00a0\u00bb item_wrapper_margin__hover=\u00a0\u00bb|-11px||-11px|false|true\u00a0\u00bb df_items_bg_bgcolor__hover_enabled=\u00a0\u00bbon|hover\u00a0\u00bb df_items_bg_bgcolor__hover=\u00a0\u00bb#c9e0d7&Prime; main_wrapper_padding__hover_enabled=\u00a0\u00bbon|desktop\u00a0\u00bb item_wrapper_padding__hover_enabled=\u00a0\u00bbon|hover\u00a0\u00bb item_wrapper_padding__hover=\u00a0\u00bb|11px||11px|true|true\u00a0\u00bb theme_builder_area=\u00a0\u00bbpost_content\u00a0\u00bb time_separetor_margin=\u00a0\u00bb|10px||10px|false|true\u00a0\u00bb sticky_enabled=\u00a0\u00bb0&Prime; time_div_font_size=\u00a0\u00bb15px\u00a0\u00bb main_wrapper_padding__hover=\u00a0\u00bb11px|11px|11px|11px|true|true\u00a0\u00bb][difl_businesshoursitem day_name=\u00a0\u00bbLundi\u00a0\u00bb time_structure_type=\u00a0\u00bbadvanced\u00a0\u00bb start_time=\u00a0\u00bb10:00 &#8211; 13:00&Prime; end_time=\u00a0\u00bb14:00 &#8211; 18:00&Prime; time_separetor=\u00a0\u00bb|\u00a0\u00bb item_padding=\u00a0\u00bb22px||22px||true|false\u00a0\u00bb item_wrapper_padding=\u00a0\u00bb0px||0px||true|false\u00a0\u00bb _builder_version=\u00a0\u00bb4.27.0&Prime; _module_preset=\u00a0\u00bbdefault\u00a0\u00bb background_enable_color=\u00a0\u00bboff\u00a0\u00bb hover_enabled=\u00a0\u00bb0&Prime; global_colors_info=\u00a0\u00bb{}\u00a0\u00bb theme_builder_area=\u00a0\u00bbpost_content\u00a0\u00bb admin_label=\u00a0\u00bbLundi\u00a0\u00bb sticky_enabled=\u00a0\u00bb0&Prime;][\/difl_businesshoursitem][difl_businesshoursitem day_name=\u00a0\u00bbMardi\u00a0\u00bb time_structure_type=\u00a0\u00bbadvanced\u00a0\u00bb start_time=\u00a0\u00bb10:00 &#8211; 13:00&Prime; end_time=\u00a0\u00bb14:00 &#8211; 18:00&Prime; time_separetor=\u00a0\u00bb|\u00a0\u00bb item_padding=\u00a0\u00bb22px||22px||true|false\u00a0\u00bb item_wrapper_padding=\u00a0\u00bb0px||0px||true|false\u00a0\u00bb _builder_version=\u00a0\u00bb4.27.0&Prime; _module_preset=\u00a0\u00bbdefault\u00a0\u00bb background_enable_color=\u00a0\u00bboff\u00a0\u00bb hover_enabled=\u00a0\u00bb0&Prime; global_colors_info=\u00a0\u00bb{}\u00a0\u00bb theme_builder_area=\u00a0\u00bbpost_content\u00a0\u00bb admin_label=\u00a0\u00bbMardi\u00a0\u00bb sticky_enabled=\u00a0\u00bb0&Prime;][\/difl_businesshoursitem][difl_businesshoursitem day_name=\u00a0\u00bbMercredi\u00a0\u00bb time_structure_type=\u00a0\u00bbadvanced\u00a0\u00bb start_time=\u00a0\u00bb10:00 &#8211; 13:00&Prime; end_time=\u00a0\u00bb14:00 &#8211; 18:00&Prime; time_separetor=\u00a0\u00bb|\u00a0\u00bb item_padding=\u00a0\u00bb22px||22px||true|false\u00a0\u00bb item_wrapper_padding=\u00a0\u00bb0px||0px||true|false\u00a0\u00bb _builder_version=\u00a0\u00bb4.27.0&Prime; _module_preset=\u00a0\u00bbdefault\u00a0\u00bb background_enable_color=\u00a0\u00bboff\u00a0\u00bb hover_enabled=\u00a0\u00bb0&Prime; global_colors_info=\u00a0\u00bb{}\u00a0\u00bb theme_builder_area=\u00a0\u00bbpost_content\u00a0\u00bb admin_label=\u00a0\u00bbMercredi\u00a0\u00bb sticky_enabled=\u00a0\u00bb0&Prime;][\/difl_businesshoursitem][difl_businesshoursitem day_name=\u00a0\u00bbJeudi\u00a0\u00bb time_structure_type=\u00a0\u00bbadvanced\u00a0\u00bb start_time=\u00a0\u00bb10:00&Prime; end_time=\u00a0\u00bb14:00&Prime; time_separetor=\u00a0\u00bb-\u00a0\u00bb item_padding=\u00a0\u00bb22px||22px||true|false\u00a0\u00bb item_wrapper_padding=\u00a0\u00bb0px||0px||true|false\u00a0\u00bb _builder_version=\u00a0\u00bb4.27.0&Prime; _module_preset=\u00a0\u00bbdefault\u00a0\u00bb background_enable_color=\u00a0\u00bboff\u00a0\u00bb hover_enabled=\u00a0\u00bb0&Prime; global_colors_info=\u00a0\u00bb{}\u00a0\u00bb theme_builder_area=\u00a0\u00bbpost_content\u00a0\u00bb admin_label=\u00a0\u00bbJeudi\u00a0\u00bb sticky_enabled=\u00a0\u00bb0&Prime;][\/difl_businesshoursitem][difl_businesshoursitem day_name=\u00a0\u00bbVendredi\u00a0\u00bb time_structure_type=\u00a0\u00bbadvanced\u00a0\u00bb start_time=\u00a0\u00bb10:00&Prime; end_time=\u00a0\u00bb14:00&Prime; time_separetor=\u00a0\u00bb-\u00a0\u00bb item_padding=\u00a0\u00bb22px||22px||true|false\u00a0\u00bb item_wrapper_padding=\u00a0\u00bb0px||0px||true|false\u00a0\u00bb _builder_version=\u00a0\u00bb4.27.0&Prime; _module_preset=\u00a0\u00bbdefault\u00a0\u00bb background_enable_color=\u00a0\u00bboff\u00a0\u00bb hover_enabled=\u00a0\u00bb0&Prime; global_colors_info=\u00a0\u00bb{}\u00a0\u00bb theme_builder_area=\u00a0\u00bbpost_content\u00a0\u00bb admin_label=\u00a0\u00bbVendredi\u00a0\u00bb sticky_enabled=\u00a0\u00bb0&Prime;][\/difl_businesshoursitem][difl_businesshoursitem day_name=\u00a0\u00bbSamedi\u00a0\u00bb item_padding=\u00a0\u00bb22px||22px||true|false\u00a0\u00bb item_wrapper_padding=\u00a0\u00bb0px||0px||true|false\u00a0\u00bb _builder_version=\u00a0\u00bb4.27.0&Prime; _module_preset=\u00a0\u00bbdefault\u00a0\u00bb background_enable_color=\u00a0\u00bboff\u00a0\u00bb hover_enabled=\u00a0\u00bb0&Prime; global_colors_info=\u00a0\u00bb{}\u00a0\u00bb theme_builder_area=\u00a0\u00bbpost_content\u00a0\u00bb off_day_enable=\u00a0\u00bbon\u00a0\u00bb admin_label=\u00a0\u00bbSamedi\u00a0\u00bb sticky_enabled=\u00a0\u00bb0&Prime; off_day_text=\u00a0\u00bbFerm\u00e9\u00a0\u00bb][\/difl_businesshoursitem][difl_businesshoursitem day_name=\u00a0\u00bbDimanche\u00a0\u00bb item_padding=\u00a0\u00bb22px||22px||true|false\u00a0\u00bb item_wrapper_padding=\u00a0\u00bb0px||0px||true|false\u00a0\u00bb _builder_version=\u00a0\u00bb4.27.0&Prime; _module_preset=\u00a0\u00bbdefault\u00a0\u00bb background_enable_color=\u00a0\u00bboff\u00a0\u00bb hover_enabled=\u00a0\u00bb0&Prime; global_colors_info=\u00a0\u00bb{}\u00a0\u00bb theme_builder_area=\u00a0\u00bbpost_content\u00a0\u00bb off_day_enable=\u00a0\u00bbon\u00a0\u00bb admin_label=\u00a0\u00bbLundi\u00a0\u00bb sticky_enabled=\u00a0\u00bb0&Prime; off_day_text=\u00a0\u00bbFerm\u00e9\u00a0\u00bb][\/difl_businesshoursitem][\/difl_businesshours][\/et_pb_column][\/et_pb_row][\/et_pb_section][et_pb_section fb_built=\u00a0\u00bb1&Prime; admin_label=\u00a0\u00bbCall to Action\u00a0\u00bb _builder_version=\u00a0\u00bb4.24.2&Prime; _module_preset=\u00a0\u00bbdefault\u00a0\u00bb background_color=\u00a0\u00bbgcid-primary-color\u00a0\u00bb use_background_color_gradient=\u00a0\u00bbon\u00a0\u00bb background_color_gradient_direction=\u00a0\u00bb65deg\u00a0\u00bb background_color_gradient_stops=\u00a0\u00bb#000000 0%|rgba(255,255,255,0) 100%\u00a0\u00bb background_color_gradient_overlays_image=\u00a0\u00bbon\u00a0\u00bb background_enable_image=\u00a0\u00bboff\u00a0\u00bb custom_padding=\u00a0\u00bb5vw||5vw||true|false\u00a0\u00bb locked=\u00a0\u00bboff\u00a0\u00bb collapsed=\u00a0\u00bbon\u00a0\u00bb global_colors_info=\u00a0\u00bb{%22gcid-primary-color%22:%91%22background_color%22%93}\u00a0\u00bb][et_pb_row _builder_version=\u00a0\u00bb4.18.0&Prime; _module_preset=\u00a0\u00bb5138c454-be54-4233-bd3b-f8e6a8747976&Prime; global_colors_info=\u00a0\u00bb{}\u00a0\u00bb][et_pb_column type=\u00a0\u00bb4_4&Prime; _builder_version=\u00a0\u00bb4.18.0&Prime; _module_preset=\u00a0\u00bb73121f80-a3ef-4484-8763-c3f18e3c56d2&Prime; global_colors_info=\u00a0\u00bb{}\u00a0\u00bb][et_pb_cta title=\u00a0\u00bbPrenez Rendez-vous D\u00e8s Aujourd&rsquo;hui\u00a0\u00bb button_url=\u00a0\u00bb#\u00a0\u00bb button_text=\u00a0\u00bbContactez-Nous\u00a0\u00bb _builder_version=\u00a0\u00bb4.23.1&Prime; _module_preset=\u00a0\u00bb4c2ad5d0-871e-414e-a4be-aa9134d4ae8e\u00a0\u00bb custom_padding=\u00a0\u00bb60px|60px|60px|60px|true|true\u00a0\u00bb custom_padding_tablet=\u00a0\u00bb30px|30px|30px|30px|true|true\u00a0\u00bb custom_padding_phone=\u00a0\u00bb20px|20px|20px|20px|true|true\u00a0\u00bb custom_padding_last_edited=\u00a0\u00bbon|desktop\u00a0\u00bb locked=\u00a0\u00bboff\u00a0\u00bb global_colors_info=\u00a0\u00bb{%22gcid-f2943306-fa6c-45f0-b632-5fc00151366a%22:%91%22button_text_color%22%93,%22gcid-36fd78a7-34bc-404d-873c-dafa34efaae5%22:%91%22button_text_color%22,%22color%22,%22background_color%22%93,%22gcid-7cadd8b3-5228-48e4-90c4-212d09232f7b%22:%91%22color%22,%22color%22,%22color%22,%22color%22%93,%22gcid-f113ad93-2527-46d7-862b-fc71181c6b5e%22:%91%22border_color_all%22,%22border_color_all%22%93}\u00a0\u00bb text_font_size_tablet=\u00a0\u00bb16px\u00a0\u00bb text_font_size_phone=\u00a0\u00bb14px\u00a0\u00bb text_font_size_last_edited=\u00a0\u00bbon|phone\u00a0\u00bb]<\/p>\n<p>Pour des soins dentaires de qualit\u00e9, n&rsquo;h\u00e9sitez pas \u00e0 nous appeler au 01 64 48 48 80 ou \u00e0 visiter notre cabinet au 3A Rue Amp\u00e8re, 91300 Massy. Nous sommes impatients de vous accueillir !<\/p>\n<p>[\/et_pb_cta][\/et_pb_column][\/et_pb_row][\/et_pb_section]<\/p>\n","protected":false},"excerpt":{"rendered":"<p><div class=\"et_pb_module difl_advanced_blurb difl_advanced_blurb_0\">\n\t\t\t\t\n\t\t\t\t\n\t\t\t\t\n\t\t\t\t\n\t\t\t\t\n\t\t\t\t\n\t\t\t\t<div class=\"et_pb_module_inner\">\n\t\t\t\t\t<div class=\"df_ab_blurb_container\"> <div class=\"df_ab_blurb_content_container\"><div class=\"df_ab_blurb_image icon placement_icon_flex_top\"><span class=\"et-pb-icon df-blurb-icon\">&#xe074;<\/span><\/div>  <h3  class=\"df_ab_blurb_sub_title\">Cabinet dentaire Masaru<\/h3 >   <\/div><\/div>\n\t\t\t\t<\/div>\n\t\t\t<\/div>1 Bis pl Commerce 75015 PARIS Tel: 01 [&hellip;]<\/p>\n","protected":false},"author":1,"featured_media":0,"parent":0,"menu_order":0,"comment_status":"closed","ping_status":"closed","template":"","meta":{"_et_pb_use_builder":"on","_et_pb_old_content":"","_et_gb_content_width":"","footnotes":""},"difl_page_category":[],"class_list":["post-20","page","type-page","status-publish","hentry"],"_links":{"self":[{"href":"https:\/\/meditouch.fr\/index.php?rest_route=\/wp\/v2\/pages\/20","targetHints":{"allow":["GET"]}}],"collection":[{"href":"https:\/\/meditouch.fr\/index.php?rest_route=\/wp\/v2\/pages"}],"about":[{"href":"https:\/\/meditouch.fr\/index.php?rest_route=\/wp\/v2\/types\/page"}],"author":[{"embeddable":true,"href":"https:\/\/meditouch.fr\/index.php?rest_route=\/wp\/v2\/users\/1"}],"replies":[{"embeddable":true,"href":"https:\/\/meditouch.fr\/index.php?rest_route=%2Fwp%2Fv2%2Fcomments&post=20"}],"version-history":[{"count":10,"href":"https:\/\/meditouch.fr\/index.php?rest_route=\/wp\/v2\/pages\/20\/revisions"}],"predecessor-version":[{"id":280178,"href":"https:\/\/meditouch.fr\/index.php?rest_route=\/wp\/v2\/pages\/20\/revisions\/280178"}],"wp:attachment":[{"href":"https:\/\/meditouch.fr\/index.php?rest_route=%2Fwp%2Fv2%2Fmedia&parent=20"}],"wp:term":[{"taxonomy":"difl_page_category","embeddable":true,"href":"https:\/\/meditouch.fr\/index.php?rest_route=%2Fwp%2Fv2%2Fdifl_page_category&post=20"}],"curies":[{"name":"wp","href":"https:\/\/api.w.org\/{rel}","templated":true}]}}